{"id":68,"date":"2019-03-27T10:03:48","date_gmt":"2019-03-27T10:03:48","guid":{"rendered":"http:\/\/weisseshausstassfurt.de\/?page_id=68"},"modified":"2020-08-18T10:10:37","modified_gmt":"2020-08-18T10:10:37","slug":"impressum","status":"publish","type":"page","link":"https:\/\/weisseshausstassfurt.de\/?page_id=68","title":{"rendered":"Impressum"},"content":{"rendered":"\n<p>\n\nDistanzierung:<br>Mit Urteil vom 12. Mai 1998 hat das Landgericht Hamburg entschieden, dass man durch die Ausbringung eines Links die Inhalte der gelinkten Seite ggf. mit zu verantworten hat. Dies kann &#8211; so das Landgericht &#8211; nur dadurch verhindert werden, dass man sich ausdr\u00fccklich von diesen Inhalten distanziert. Ich habe auf meiner Page Links zu anderen Seiten im Internet gelegt. F\u00fcr all diese Links gilt: Ich m\u00f6chte ausdr\u00fccklich betonen, dass ich keinerlei Einfluss auf die Gestaltung und die Inhalte der gelinkten Seiten\/Dateien habe. Deshalb distanziere ich mich hiermit ausdr\u00fccklich von allen Inhalten aller gelinkten Seiten\/Dateien auf meiner Page. Diese Erkl\u00e4rung gilt f\u00fcr alle auf meiner Page ausgebrachten Links und f\u00fcr alle Inhalte der Seiten\/Dateien, zu denen die Banner f\u00fchren.<\/p>\n\n\n\n<p>&#8222;Wei\u00dfes Haus&#8220;<br>H\u00e4uerstra\u00dfe 13<br>39418 Sta\u00dffurt<\/p>\n\n\n\n<p>E-Mail: weisseshaus1@freenet.de<\/p>\n\n\n\n<p>Telefon: 03925 &#8211; 28 17 05<\/p>\n\n\n\n<p>Umsatzsteuernummer: 107\/140\/00352<\/p>\n\n\n\n<div class=\"wp-block-image\"><figure class=\"aligncenter\"><a href=\"http:\/\/www.weisseshausstassfurt.de\" target=\"_blank\" rel=\"noreferrer noopener\"><img decoding=\"async\" loading=\"lazy\" width=\"468\" height=\"60\" src=\"http:\/\/weisseshausstassfurt.de\/wp-content\/uploads\/2019\/11\/Banner.jpg\" alt=\"\" class=\"wp-image-152\" srcset=\"https:\/\/weisseshausstassfurt.de\/wp-content\/uploads\/2019\/11\/Banner.jpg 468w, https:\/\/weisseshausstassfurt.de\/wp-content\/uploads\/2019\/11\/Banner-300x38.jpg 300w\" sizes=\"(max-width: 468px) 100vw, 468px\" \/><\/a><figcaption>Unser Banner<\/figcaption><\/figure><\/div>\n\n\n\n<p>Inhaltlich Verantwortlicher: Susen Grams\/Ronny M\u00fcller<\/p>\n","protected":false},"excerpt":{"rendered":"<div class=\"mh-excerpt\"><p>Distanzierung:Mit Urteil vom 12. Mai 1998 hat das Landgericht Hamburg entschieden, dass man durch die Ausbringung eines Links die Inhalte der gelinkten Seite ggf. mit <a class=\"mh-excerpt-more\" href=\"https:\/\/weisseshausstassfurt.de\/?page_id=68\" title=\"Impressum\">[&#8230;]<\/a><\/p>\n<\/div>","protected":false},"author":1,"featured_media":0,"parent":0,"menu_order":0,"comment_status":"closed","ping_status":"closed","template":"","meta":[],"_links":{"self":[{"href":"https:\/\/weisseshausstassfurt.de\/index.php?rest_route=\/wp\/v2\/pages\/68"}],"collection":[{"href":"https:\/\/weisseshausstassfurt.de\/index.php?rest_route=\/wp\/v2\/pages"}],"about":[{"href":"https:\/\/weisseshausstassfurt.de\/index.php?rest_route=\/wp\/v2\/types\/page"}],"author":[{"embeddable":true,"href":"https:\/\/weisseshausstassfurt.de\/index.php?rest_route=\/wp\/v2\/users\/1"}],"replies":[{"embeddable":true,"href":"https:\/\/weisseshausstassfurt.de\/index.php?rest_route=%2Fwp%2Fv2%2Fcomments&post=68"}],"version-history":[{"count":7,"href":"https:\/\/weisseshausstassfurt.de\/index.php?rest_route=\/wp\/v2\/pages\/68\/revisions"}],"predecessor-version":[{"id":186,"href":"https:\/\/weisseshausstassfurt.de\/index.php?rest_route=\/wp\/v2\/pages\/68\/revisions\/186"}],"wp:attachment":[{"href":"https:\/\/weisseshausstassfurt.de\/index.php?rest_route=%2Fwp%2Fv2%2Fmedia&parent=68"}],"curies":[{"name":"wp","href":"https:\/\/api.w.org\/{rel}","templated":true}]}}