{"id":32,"date":"2019-03-26T18:29:52","date_gmt":"2019-03-26T18:29:52","guid":{"rendered":"http:\/\/weisseshausstassfurt.de\/?page_id=32"},"modified":"2022-05-03T09:30:00","modified_gmt":"2022-05-03T09:30:00","slug":"ueber-uns","status":"publish","type":"page","link":"https:\/\/weisseshausstassfurt.de\/","title":{"rendered":"\u00dcber uns"},"content":{"rendered":"\n<p> 1996, \u00f6ffnete das <strong>\u201eWei\u00dfe Haus\u201c<\/strong> seine Pforten.<\/p>\n\n\n\n<div class=\"wp-block-image\"><figure class=\"aligncenter is-resized\"><a href=\"https:\/\/www.joyclub.de\" target=\"_blank\" rel=\"noreferrer noopener\"><img decoding=\"async\" loading=\"lazy\" src=\"http:\/\/weisseshausstassfurt.de\/wp-content\/uploads\/2019\/11\/Joyclubflyer.jpg\" alt=\"\" class=\"wp-image-77\" width=\"229\" height=\"191\"\/><\/a><\/figure><\/div>\n\n\n\n<p>Seit dem treffen sich Gleichgesinnte, einzelne Damen, charmante Herren und tolerante Paare, mit moderner Lebensauffassung, um erlebnisreiche und erotische Stunden zu erleben.<\/p>\n\n\n\n<div class=\"wp-block-image\"><figure class=\"aligncenter is-resized\"><img decoding=\"async\" loading=\"lazy\" src=\"http:\/\/weisseshausstassfurt.de\/wp-content\/uploads\/2019\/11\/Vormittags.jpg\" alt=\"\" class=\"wp-image-79\" width=\"188\" height=\"196\"\/><\/figure><\/div>\n\n\n\n<p>Dabei haben wir es uns zur Aufgabe gemacht das &#8222;pure Swingen&#8220; immer in den Vordergrund zu stellen, st\u00e4ndig f\u00fcr Neuerungen und Neuheiten zu sorgen, um unseren Besuchern keine Disco-Atmosph\u00e4re, sondern Erotik zu bieten.&nbsp;<\/p>\n\n\n\n<p>Nat\u00fcrlich war und ist es nicht immer leicht, die Zeichen der Zeit zu erkennen und nat\u00fcrlich sind auch wir nicht von Fehlern befreit. Aber wir lernen aus diesen!&nbsp;<\/p>\n\n\n\n<p>So viele Jahre haben uns gepr\u00e4gt und ohne stehen zu bleiben sind wir noch lange nicht am Ziel.&nbsp;<\/p>\n\n\n\n<p>Alle die uns bis heute begleitet haben, danken wir, denn ohne Euch w\u00e4ren wir stehen geblieben! Kritik und Lob Eurerseits sind f\u00fcr uns das Salz in der Suppe. Bitte h\u00f6rt damit nicht auf, damit auch in den n\u00e4chsten Jahren immer wieder neue Impulse unseren Club befl\u00fcgeln.&nbsp;<\/p>\n\n\n\n<div class=\"wp-block-image\"><figure class=\"aligncenter\"><img decoding=\"async\" loading=\"lazy\" width=\"468\" height=\"312\" src=\"http:\/\/weisseshausstassfurt.de\/wp-content\/uploads\/2019\/11\/pool.jpg\" alt=\"\" class=\"wp-image-119\" srcset=\"https:\/\/weisseshausstassfurt.de\/wp-content\/uploads\/2019\/11\/pool.jpg 468w, https:\/\/weisseshausstassfurt.de\/wp-content\/uploads\/2019\/11\/pool-300x200.jpg 300w\" sizes=\"(max-width: 468px) 100vw, 468px\" \/><\/figure><\/div>\n\n\n\n<p>Wer jetzt denkt&#8230;.24 Jahre&#8230;.k\u00f6nnten einen Club nicht sch\u00f6ner machen, der irrt. Wir sind ja kein Automobil, dass nach so langer Zeit langsam seinen Kotfl\u00fcgel verliert, denn auch unser Motor l\u00e4uft noch auf vollen Touren! <\/p>\n\n\n\n<p>Das \u201eWei\u00dfe Haus\u201c ist unangepasst und ja, wir, die Gastgeber, gehen gern mit dem Kopf durch die Wand.<\/p>\n\n\n\n<p>Wir und unsere Gleichgesinnten lassen sich in keine Schublade pressen, auch wenn dies in der heutigen Zeit nicht mehr so einfach ist. Wir geh\u00f6ren nicht zur \u201eGeneration Doof\u201c und brauchen auch keine \u201eFeuchtgebiete\u201c, um uns an lebensnahen Dingen zu erg\u00f6tzen.&nbsp;<\/p>\n\n\n\n<p>So sind wir und unsere Mitglieder und wer dies mag, passt genau in unseren Club.&nbsp;<\/p>\n\n\n\n<p>Nat\u00fcrlich sind nicht alle begeistert, von unseren R\u00e4umlichkeiten, unserer Art, usw., aber zum Gl\u00fcck ganz ganz viele. Ja, wir haben Feinde und Freunde \ud83d\ude09&nbsp;<\/p>\n\n\n\n<p>Wir und viele andere leben mit uns den Traum \u201eWei\u00dfes Haus\u201c und tun unser Bestes, damit sich jeder Einzelne wohlf\u00fchlt!&nbsp;<\/p>\n\n\n\n<div class=\"wp-block-image\"><figure class=\"aligncenter\"><img decoding=\"async\" loading=\"lazy\" width=\"200\" height=\"139\" src=\"http:\/\/weisseshausstassfurt.de\/wp-content\/uploads\/2019\/11\/clubmail_7383036_att.png\" alt=\"\" class=\"wp-image-121\"\/><\/figure><\/div>\n","protected":false},"excerpt":{"rendered":"<div class=\"mh-excerpt\"><p>1996, \u00f6ffnete das \u201eWei\u00dfe Haus\u201c seine Pforten. Seit dem treffen sich Gleichgesinnte, einzelne Damen, charmante Herren und tolerante Paare, mit moderner Lebensauffassung, um erlebnisreiche und <a class=\"mh-excerpt-more\" href=\"https:\/\/weisseshausstassfurt.de\/\" title=\"\u00dcber uns\">[&#8230;]<\/a><\/p>\n<\/div>","protected":false},"author":1,"featured_media":0,"parent":0,"menu_order":0,"comment_status":"closed","ping_status":"closed","template":"","meta":[],"_links":{"self":[{"href":"https:\/\/weisseshausstassfurt.de\/index.php?rest_route=\/wp\/v2\/pages\/32"}],"collection":[{"href":"https:\/\/weisseshausstassfurt.de\/index.php?rest_route=\/wp\/v2\/pages"}],"about":[{"href":"https:\/\/weisseshausstassfurt.de\/index.php?rest_route=\/wp\/v2\/types\/page"}],"author":[{"embeddable":true,"href":"https:\/\/weisseshausstassfurt.de\/index.php?rest_route=\/wp\/v2\/users\/1"}],"replies":[{"embeddable":true,"href":"https:\/\/weisseshausstassfurt.de\/index.php?rest_route=%2Fwp%2Fv2%2Fcomments&post=32"}],"version-history":[{"count":21,"href":"https:\/\/weisseshausstassfurt.de\/index.php?rest_route=\/wp\/v2\/pages\/32\/revisions"}],"predecessor-version":[{"id":231,"href":"https:\/\/weisseshausstassfurt.de\/index.php?rest_route=\/wp\/v2\/pages\/32\/revisions\/231"}],"wp:attachment":[{"href":"https:\/\/weisseshausstassfurt.de\/index.php?rest_route=%2Fwp%2Fv2%2Fmedia&parent=32"}],"curies":[{"name":"wp","href":"https:\/\/api.w.org\/{rel}","templated":true}]}}