{"id":139,"date":"2019-11-26T14:01:45","date_gmt":"2019-11-26T14:01:45","guid":{"rendered":"http:\/\/weisseshausstassfurt.de\/?page_id=139"},"modified":"2024-08-12T10:49:09","modified_gmt":"2024-08-12T10:49:09","slug":"oeffnungszeiten","status":"publish","type":"page","link":"https:\/\/weisseshausstassfurt.de\/?page_id=139","title":{"rendered":"\u00d6ffnungszeiten"},"content":{"rendered":"\n<p>Die \u00d6ffnungszeiten k\u00f6nnen variieren! N\u00e4here Informationen findet ihr unter &#8222;Aktuelle Events&#8220;<\/p>\n\n\n\n<h2><strong>Montag <\/strong><\/h2>\n\n\n\n<p>geschlossen<\/p>\n\n\n\n<p style=\"font-size:24px\"><strong>Dienstag <\/strong><\/p>\n\n\n\n<p>11:00 Uhr bis 15:00 Uhr<\/p>\n\n\n\n<p>19:00 Uhr bis 00:00 Uhr<\/p>\n\n\n\n<h2><strong>Mittwoch<\/strong><\/h2>\n\n\n\n<p>geschlossen<\/p>\n\n\n\n<h2><strong>Donnerstag<\/strong><\/h2>\n\n\n\n<p>11:00 Uhr bis 15:00 Uhr<\/p>\n\n\n\n<h2><strong>Freitag <\/strong><\/h2>\n\n\n\n<p>19:00 Uhr bis 02:00 Uhr<\/p>\n\n\n\n<h2><strong>Samstag<\/strong><\/h2>\n\n\n\n<p>19:00 Uhr bis 02:00 Uhr<\/p>\n\n\n\n<h2><strong>Sonntag<\/strong><\/h2>\n\n\n\n<p>Ruhetag<\/p>\n","protected":false},"excerpt":{"rendered":"<div class=\"mh-excerpt\"><p>Die \u00d6ffnungszeiten k\u00f6nnen variieren! N\u00e4here Informationen findet ihr unter &#8222;Aktuelle Events&#8220; Montag geschlossen Dienstag 11:00 Uhr bis 15:00 Uhr 19:00 Uhr bis 00:00 Uhr Mittwoch <a class=\"mh-excerpt-more\" href=\"https:\/\/weisseshausstassfurt.de\/?page_id=139\" title=\"\u00d6ffnungszeiten\">[&#8230;]<\/a><\/p>\n<\/div>","protected":false},"author":1,"featured_media":0,"parent":0,"menu_order":0,"comment_status":"closed","ping_status":"closed","template":"","meta":[],"_links":{"self":[{"href":"https:\/\/weisseshausstassfurt.de\/index.php?rest_route=\/wp\/v2\/pages\/139"}],"collection":[{"href":"https:\/\/weisseshausstassfurt.de\/index.php?rest_route=\/wp\/v2\/pages"}],"about":[{"href":"https:\/\/weisseshausstassfurt.de\/index.php?rest_route=\/wp\/v2\/types\/page"}],"author":[{"embeddable":true,"href":"https:\/\/weisseshausstassfurt.de\/index.php?rest_route=\/wp\/v2\/users\/1"}],"replies":[{"embeddable":true,"href":"https:\/\/weisseshausstassfurt.de\/index.php?rest_route=%2Fwp%2Fv2%2Fcomments&post=139"}],"version-history":[{"count":17,"href":"https:\/\/weisseshausstassfurt.de\/index.php?rest_route=\/wp\/v2\/pages\/139\/revisions"}],"predecessor-version":[{"id":234,"href":"https:\/\/weisseshausstassfurt.de\/index.php?rest_route=\/wp\/v2\/pages\/139\/revisions\/234"}],"wp:attachment":[{"href":"https:\/\/weisseshausstassfurt.de\/index.php?rest_route=%2Fwp%2Fv2%2Fmedia&parent=139"}],"curies":[{"name":"wp","href":"https:\/\/api.w.org\/{rel}","templated":true}]}}